{"id":63,"date":"2018-04-29T20:15:53","date_gmt":"2018-04-29T20:15:53","guid":{"rendered":"https:\/\/filarmonicastabio.ch\/?page_id=63"},"modified":"2024-04-04T21:36:35","modified_gmt":"2024-04-04T19:36:35","slug":"discografia","status":"publish","type":"page","link":"https:\/\/filarmonicastabio.ch\/index.php\/discografia\/","title":{"rendered":"Discografia"},"content":{"rendered":"<h2>CD<\/h2>\n<p>La Filarmonica ha prodotto il suo primo CD dal titolo &#8216;Concerto Bandistico&#8217;. Questo prodotto di ottima fattura, che raggruppa i pi\u00f9 brani registrati negli scorsi anni, \u00e9 in vendita al prezzo di 20.- sFr. Chi fosse interessato al suo acquisto pu\u00f2 inviarci un&#8217;ordinazione all&#8217;indirizzo\u00a0<span id=\"cloak65202\"><a href=\"mailto:info@filarmonicastabio.ch\">info@filarmonicastabio.ch<\/a><\/span><\/p>\n<p><a href=\"https:\/\/filarmonicastabio.ch\/wp-content\/uploads\/2018\/07\/copertinacd.jpg\"><img loading=\"lazy\" decoding=\"async\" class=\"size-medium wp-image-144 aligncenter\" src=\"https:\/\/filarmonicastabio.ch\/wp-content\/uploads\/2018\/07\/copertinacd-300x296.jpg\" alt=\"\" width=\"300\" height=\"296\" srcset=\"https:\/\/filarmonicastabio.ch\/wp-content\/uploads\/2018\/07\/copertinacd-300x296.jpg 300w, https:\/\/filarmonicastabio.ch\/wp-content\/uploads\/2018\/07\/copertinacd.jpg 356w\" sizes=\"auto, (max-width: 300px) 100vw, 300px\" \/><\/a><\/p>\n<ul>\n<li><strong>Semper Viator\u00a0<\/strong>Wim Laseroms<\/li>\n<li><strong>Concertino per Clarinetto<\/strong>\u00a0Carl Friedermann<\/li>\n<li><strong>Colors and Configurations \u00a0<\/strong>Lennie Niehaus<\/li>\n<li><strong>Memory<\/strong>\u00a0Rob Ares<\/li>\n<li><strong>Festival<\/strong>\u00a0Prelude\u00a0Alfred Reed<\/li>\n<li><strong>Arsenal<\/strong>\u00a0Jan Van der Roost<\/li>\n<li><strong>Second Suite in F<\/strong>\u00a0Gustav Holst<\/li>\n<li><strong>Unchained Melody<\/strong>\u00a0A. North &amp; H. Zaret<\/li>\n<li><strong>Second Century<\/strong>\u00a0Alfred Reed<\/li>\n<\/ul>\n<h2>DVD 125\u00b0<\/h2>\n<p>\u00c8 disponibile l&#8217;opuscolo del 125\u00b0\u00a0<strong>&#8220;La musica non ha et\u00e0&#8221;<\/strong>, comprensivo del DVD al prezzo di 25.- CHF<br \/>Per ordinarlo, potete scrivere a <a href=\"mailto:info@filarmonicastabio.ch\">info@filarmonicastabio.ch<\/a><\/p>\n<p><a href=\"https:\/\/filarmonicastabio.ch\/wp-content\/uploads\/2018\/07\/DVD_125esimo_450.jpg\"><img loading=\"lazy\" decoding=\"async\" class=\"size-medium wp-image-147 aligncenter\" src=\"https:\/\/filarmonicastabio.ch\/wp-content\/uploads\/2018\/07\/DVD_125esimo_450-273x300.jpg\" alt=\"\" width=\"273\" height=\"300\" srcset=\"https:\/\/filarmonicastabio.ch\/wp-content\/uploads\/2018\/07\/DVD_125esimo_450-273x300.jpg 273w, https:\/\/filarmonicastabio.ch\/wp-content\/uploads\/2018\/07\/DVD_125esimo_450.jpg 450w\" sizes=\"auto, (max-width: 273px) 100vw, 273px\" \/><\/a><\/p>\n\n\n<h2 class=\"wp-block-heading\">Youtube<\/h2>\n\n\n\n<p>Il video della nostra esibizione alla 5a Festa Cantonale della Musica, svoltasi a Mendrisio nel 2019<\/p>\n\n\n\n<figure class=\"wp-block-embed-youtube wp-block-embed is-type-rich is-provider-handler-delloggetto-incorporato wp-embed-aspect-16-9 wp-has-aspect-ratio\"><div class=\"wp-block-embed__wrapper\">\n<div class=\"video-container\"><iframe loading=\"lazy\" title=\"Societ\u00e0 Filarmonica Stabio - Festa della Musica Mendrisio 2019\" width=\"500\" height=\"281\" src=\"https:\/\/www.youtube.com\/embed\/Fq4E2dxLev4?feature=oembed&#038;wmode=opaque\" frameborder=\"0\" allow=\"accelerometer; autoplay; clipboard-write; encrypted-media; gyroscope; picture-in-picture; web-share\" referrerpolicy=\"strict-origin-when-cross-origin\" allowfullscreen><\/iframe><\/div>\n<\/div><\/figure>\n","protected":false},"excerpt":{"rendered":"<p>CD La Filarmonica ha prodotto il suo primo CD dal titolo &#8216;Concerto Bandistico&#8217;. Questo prodotto di ottima fattura, che raggruppa&#46;&#46;&#46;<\/p>\n","protected":false},"author":1,"featured_media":0,"parent":0,"menu_order":0,"comment_status":"closed","ping_status":"closed","template":"","meta":{"footnotes":""},"class_list":["post-63","page","type-page","status-publish","hentry"],"_links":{"self":[{"href":"https:\/\/filarmonicastabio.ch\/index.php\/wp-json\/wp\/v2\/pages\/63","targetHints":{"allow":["GET"]}}],"collection":[{"href":"https:\/\/filarmonicastabio.ch\/index.php\/wp-json\/wp\/v2\/pages"}],"about":[{"href":"https:\/\/filarmonicastabio.ch\/index.php\/wp-json\/wp\/v2\/types\/page"}],"author":[{"embeddable":true,"href":"https:\/\/filarmonicastabio.ch\/index.php\/wp-json\/wp\/v2\/users\/1"}],"replies":[{"embeddable":true,"href":"https:\/\/filarmonicastabio.ch\/index.php\/wp-json\/wp\/v2\/comments?post=63"}],"version-history":[{"count":8,"href":"https:\/\/filarmonicastabio.ch\/index.php\/wp-json\/wp\/v2\/pages\/63\/revisions"}],"predecessor-version":[{"id":567,"href":"https:\/\/filarmonicastabio.ch\/index.php\/wp-json\/wp\/v2\/pages\/63\/revisions\/567"}],"wp:attachment":[{"href":"https:\/\/filarmonicastabio.ch\/index.php\/wp-json\/wp\/v2\/media?parent=63"}],"curies":[{"name":"wp","href":"https:\/\/api.w.org\/{rel}","templated":true}]}}