{"id":12,"date":"2018-04-29T19:01:52","date_gmt":"2018-04-29T19:01:52","guid":{"rendered":"https:\/\/filarmonicastabio.ch\/?page_id=12"},"modified":"2018-07-23T20:46:54","modified_gmt":"2018-07-23T18:46:54","slug":"comitato","status":"publish","type":"page","link":"https:\/\/filarmonicastabio.ch\/index.php\/comitato\/","title":{"rendered":"Comitato"},"content":{"rendered":"<p>Il comitato \u00e9 l&#8217;organo direttivo della Societ\u00e0.<br \/>\nNe fanno parte:<\/p>\n<ul>\n<li>Marco Rossi &#8211; Presidente<\/li>\n<li>Antonio Cucco<\/li>\n<li>Lilo Valsangiacomo &#8211; Contabilit\u00e0 \/ Cassa<\/li>\n<li>Luisella Cucco<\/li>\n<li>Liliana Pellegrini<\/li>\n<li>Daris Rossinelli<\/li>\n<li>Altea Crincoli<\/li>\n<\/ul>\n","protected":false},"excerpt":{"rendered":"<p>Il comitato \u00e9 l&#8217;organo direttivo della Societ\u00e0. Ne fanno parte: Marco Rossi &#8211; Presidente Antonio Cucco Lilo Valsangiacomo &#8211; Contabilit\u00e0&#46;&#46;&#46;<\/p>\n","protected":false},"author":1,"featured_media":0,"parent":0,"menu_order":0,"comment_status":"closed","ping_status":"closed","template":"","meta":{"footnotes":""},"class_list":["post-12","page","type-page","status-publish","hentry"],"_links":{"self":[{"href":"https:\/\/filarmonicastabio.ch\/index.php\/wp-json\/wp\/v2\/pages\/12","targetHints":{"allow":["GET"]}}],"collection":[{"href":"https:\/\/filarmonicastabio.ch\/index.php\/wp-json\/wp\/v2\/pages"}],"about":[{"href":"https:\/\/filarmonicastabio.ch\/index.php\/wp-json\/wp\/v2\/types\/page"}],"author":[{"embeddable":true,"href":"https:\/\/filarmonicastabio.ch\/index.php\/wp-json\/wp\/v2\/users\/1"}],"replies":[{"embeddable":true,"href":"https:\/\/filarmonicastabio.ch\/index.php\/wp-json\/wp\/v2\/comments?post=12"}],"version-history":[{"count":3,"href":"https:\/\/filarmonicastabio.ch\/index.php\/wp-json\/wp\/v2\/pages\/12\/revisions"}],"predecessor-version":[{"id":123,"href":"https:\/\/filarmonicastabio.ch\/index.php\/wp-json\/wp\/v2\/pages\/12\/revisions\/123"}],"wp:attachment":[{"href":"https:\/\/filarmonicastabio.ch\/index.php\/wp-json\/wp\/v2\/media?parent=12"}],"curies":[{"name":"wp","href":"https:\/\/api.w.org\/{rel}","templated":true}]}}